{"id":106,"date":"2023-07-07T09:30:24","date_gmt":"2023-07-07T12:30:24","guid":{"rendered":"https:\/\/viverolapecana.com.ar\/?page_id=106"},"modified":"2023-07-25T16:05:26","modified_gmt":"2023-07-25T19:05:26","slug":"la-nuez-pecan-2","status":"publish","type":"page","link":"https:\/\/viverolapecana.com.ar\/?page_id=106","title":{"rendered":"Vivero"},"content":{"rendered":"\t\t<div data-elementor-type=\"wp-page\" data-elementor-id=\"106\" class=\"elementor elementor-106\" data-elementor-post-type=\"page\">\n\t\t\t\t\t\t<section class=\"elementor-section elementor-top-section elementor-element elementor-element-5620be8 elementor-section-height-min-height elementor-section-boxed elementor-section-height-default elementor-section-items-middle\" data-id=\"5620be8\" data-element_type=\"section\" data-e-type=\"section\" data-settings=\"{&quot;background_background&quot;:&quot;classic&quot;}\">\n\t\t\t\t\t\t\t<div class=\"elementor-background-overlay\"><\/div>\n\t\t\t\t\t\t\t<div class=\"elementor-container elementor-column-gap-default\">\n\t\t\t\t\t<div class=\"elementor-column elementor-col-100 elementor-top-column elementor-element elementor-element-3ba195f\" data-id=\"3ba195f\" data-element_type=\"column\" data-e-type=\"column\">\n\t\t\t<div class=\"elementor-widget-wrap elementor-element-populated\">\n\t\t\t\t\t\t<div class=\"elementor-element elementor-element-90a2de9 elementor-widget elementor-widget-heading\" data-id=\"90a2de9\" data-element_type=\"widget\" data-e-type=\"widget\" data-widget_type=\"heading.default\">\n\t\t\t\t<div class=\"elementor-widget-container\">\n\t\t\t\t\t<h2 class=\"elementor-heading-title elementor-size-default\">vivero<\/h2>\t\t\t\t<\/div>\n\t\t\t\t<\/div>\n\t\t\t\t\t<\/div>\n\t\t<\/div>\n\t\t\t\t\t<\/div>\n\t\t<\/section>\n\t\t\t\t<section class=\"elementor-section elementor-top-section elementor-element elementor-element-a62bb67 elementor-section-boxed elementor-section-height-default elementor-section-height-default\" data-id=\"a62bb67\" data-element_type=\"section\" data-e-type=\"section\">\n\t\t\t\t\t\t<div class=\"elementor-container elementor-column-gap-default\">\n\t\t\t\t\t<div class=\"elementor-column elementor-col-100 elementor-top-column elementor-element elementor-element-2bb1ca4\" data-id=\"2bb1ca4\" data-element_type=\"column\" data-e-type=\"column\">\n\t\t\t<div class=\"elementor-widget-wrap elementor-element-populated\">\n\t\t\t\t\t\t<div class=\"elementor-element elementor-element-c2f5995 elementor-widget elementor-widget-spacer\" data-id=\"c2f5995\" data-element_type=\"widget\" data-e-type=\"widget\" data-widget_type=\"spacer.default\">\n\t\t\t\t<div class=\"elementor-widget-container\">\n\t\t\t\t\t\t\t<div class=\"elementor-spacer\">\n\t\t\t<div class=\"elementor-spacer-inner\"><\/div>\n\t\t<\/div>\n\t\t\t\t\t\t<\/div>\n\t\t\t\t<\/div>\n\t\t\t\t\t<\/div>\n\t\t<\/div>\n\t\t\t\t\t<\/div>\n\t\t<\/section>\n\t\t\t\t<section class=\"elementor-section elementor-top-section elementor-element elementor-element-8bacb0d elementor-section-boxed elementor-section-height-default elementor-section-height-default\" data-id=\"8bacb0d\" data-element_type=\"section\" data-e-type=\"section\">\n\t\t\t\t\t\t<div class=\"elementor-container elementor-column-gap-default\">\n\t\t\t\t\t<div class=\"elementor-column elementor-col-100 elementor-top-column elementor-element elementor-element-5bd0f85\" data-id=\"5bd0f85\" data-element_type=\"column\" data-e-type=\"column\">\n\t\t\t<div class=\"elementor-widget-wrap elementor-element-populated\">\n\t\t\t\t\t\t<div class=\"elementor-element elementor-element-6d63532 elementor-widget elementor-widget-heading\" data-id=\"6d63532\" data-element_type=\"widget\" data-e-type=\"widget\" data-widget_type=\"heading.default\">\n\t\t\t\t<div class=\"elementor-widget-container\">\n\t\t\t\t\t<h2 class=\"elementor-heading-title elementor-size-default\">La pecana - divisi\u00f3n vivero<\/h2>\t\t\t\t<\/div>\n\t\t\t\t<\/div>\n\t\t\t\t\t<\/div>\n\t\t<\/div>\n\t\t\t\t\t<\/div>\n\t\t<\/section>\n\t\t\t\t<section class=\"elementor-section elementor-top-section elementor-element elementor-element-e8e71a3 elementor-section-boxed elementor-section-height-default elementor-section-height-default\" data-id=\"e8e71a3\" data-element_type=\"section\" data-e-type=\"section\">\n\t\t\t\t\t\t<div class=\"elementor-container elementor-column-gap-default\">\n\t\t\t\t\t<div class=\"elementor-column elementor-col-50 elementor-top-column elementor-element elementor-element-43ffa2d\" data-id=\"43ffa2d\" data-element_type=\"column\" data-e-type=\"column\">\n\t\t\t<div class=\"elementor-widget-wrap elementor-element-populated\">\n\t\t\t\t\t\t<div class=\"elementor-element elementor-element-190ec2f elementor-widget elementor-widget-text-editor\" data-id=\"190ec2f\" data-element_type=\"widget\" data-e-type=\"widget\" data-widget_type=\"text-editor.default\">\n\t\t\t\t<div class=\"elementor-widget-container\">\n\t\t\t\t\t\t\t\t\t<p>El desarrollo continuo de la Nuez Pec\u00e1n se ha convertido en una excelente oportunidad de negocio a mediano y largo plazo.<\/p><p>En la actualidad Argentina cuenta con establecimientos de diversas dimensiones, desde peque\u00f1as fincas a grandes hect\u00e1reas. El poder de adaptaci\u00f3n de las plantas favorecieron la expansi\u00f3n geogr\u00e1fica de los cultivos, los cuales comenzaron en el delta del Paran\u00e1 y actualmente se pueden encontrar en gran parte del pa\u00eds.<\/p><p>Nuestra particularidad radica en el uso de contenedores pl\u00e1sticos especiales para transportar y sembrar las plantas, lo que minimiza el estr\u00e9s que estas puedan sufrir durante su traslado y optimiza su desarrollo en los primeros a\u00f1os de vida. Esta metodolog\u00eda no solo disminuye las p\u00e9rdidas de ejemplares, sino que tambi\u00e9n asegura una mayor tasa de crecimiento, lo que se traduce en una producci\u00f3n m\u00e1s temprana y una rentabilidad m\u00e1s r\u00e1pida para nuestros clientes. Adem\u00e1s, brindamos asesoramiento detallado acerca del cuidado y mantenimiento de las plantas, desde el momento de la compra hasta su madurez. En resumen, trabajamos para asegurar que cada planta de nuez pecan adquirida con nosotros sea una inversi\u00f3n segura y rentable a largo plazo.<\/p>\t\t\t\t\t\t\t\t<\/div>\n\t\t\t\t<\/div>\n\t\t\t\t<div class=\"elementor-element elementor-element-793cb5e elementor-widget elementor-widget-image\" data-id=\"793cb5e\" data-element_type=\"widget\" data-e-type=\"widget\" data-widget_type=\"image.default\">\n\t\t\t\t<div class=\"elementor-widget-container\">\n\t\t\t\t\t\t\t\t\t\t\t\t\t\t\t<img fetchpriority=\"high\" decoding=\"async\" width=\"800\" height=\"598\" src=\"https:\/\/viverolapecana.com.ar\/wp-content\/uploads\/2023\/07\/macetas.png\" class=\"attachment-large size-large wp-image-167\" alt=\"\" srcset=\"https:\/\/viverolapecana.com.ar\/wp-content\/uploads\/2023\/07\/macetas.png 1024w, https:\/\/viverolapecana.com.ar\/wp-content\/uploads\/2023\/07\/macetas-300x224.png 300w, https:\/\/viverolapecana.com.ar\/wp-content\/uploads\/2023\/07\/macetas-768x575.png 768w\" sizes=\"(max-width: 800px) 100vw, 800px\" \/>\t\t\t\t\t\t\t\t\t\t\t\t\t\t\t<\/div>\n\t\t\t\t<\/div>\n\t\t\t\t\t<\/div>\n\t\t<\/div>\n\t\t\t\t<div class=\"elementor-column elementor-col-50 elementor-top-column elementor-element elementor-element-650bbd9\" data-id=\"650bbd9\" data-element_type=\"column\" data-e-type=\"column\">\n\t\t\t<div class=\"elementor-widget-wrap elementor-element-populated\">\n\t\t\t\t\t\t<div class=\"elementor-element elementor-element-6336b26 elementor-widget elementor-widget-image\" data-id=\"6336b26\" data-element_type=\"widget\" data-e-type=\"widget\" data-widget_type=\"image.default\">\n\t\t\t\t<div class=\"elementor-widget-container\">\n\t\t\t\t\t\t\t\t\t\t\t\t\t\t\t<img decoding=\"async\" width=\"682\" height=\"1024\" src=\"https:\/\/viverolapecana.com.ar\/wp-content\/uploads\/2023\/07\/5.jpg\" class=\"attachment-large size-large wp-image-107\" alt=\"\" srcset=\"https:\/\/viverolapecana.com.ar\/wp-content\/uploads\/2023\/07\/5.jpg 682w, https:\/\/viverolapecana.com.ar\/wp-content\/uploads\/2023\/07\/5-200x300.jpg 200w\" sizes=\"(max-width: 682px) 100vw, 682px\" \/>\t\t\t\t\t\t\t\t\t\t\t\t\t\t\t<\/div>\n\t\t\t\t<\/div>\n\t\t\t\t\t<\/div>\n\t\t<\/div>\n\t\t\t\t\t<\/div>\n\t\t<\/section>\n\t\t\t\t<section class=\"elementor-section elementor-top-section elementor-element elementor-element-f3ed69f elementor-section-boxed elementor-section-height-default elementor-section-height-default\" data-id=\"f3ed69f\" data-element_type=\"section\" data-e-type=\"section\">\n\t\t\t\t\t\t<div class=\"elementor-container elementor-column-gap-default\">\n\t\t\t\t\t<div class=\"elementor-column elementor-col-100 elementor-top-column elementor-element elementor-element-db11577\" data-id=\"db11577\" data-element_type=\"column\" data-e-type=\"column\">\n\t\t\t<div class=\"elementor-widget-wrap elementor-element-populated\">\n\t\t\t\t\t\t<div class=\"elementor-element elementor-element-fde872a elementor-widget-divider--view-line elementor-widget elementor-widget-divider\" data-id=\"fde872a\" data-element_type=\"widget\" data-e-type=\"widget\" data-widget_type=\"divider.default\">\n\t\t\t\t<div class=\"elementor-widget-container\">\n\t\t\t\t\t\t\t<div class=\"elementor-divider\">\n\t\t\t<span class=\"elementor-divider-separator\">\n\t\t\t\t\t\t<\/span>\n\t\t<\/div>\n\t\t\t\t\t\t<\/div>\n\t\t\t\t<\/div>\n\t\t\t\t\t<\/div>\n\t\t<\/div>\n\t\t\t\t\t<\/div>\n\t\t<\/section>\n\t\t\t\t<section class=\"elementor-section elementor-top-section elementor-element elementor-element-84d63e7 elementor-section-boxed elementor-section-height-default elementor-section-height-default\" data-id=\"84d63e7\" data-element_type=\"section\" data-e-type=\"section\">\n\t\t\t\t\t\t<div class=\"elementor-container elementor-column-gap-default\">\n\t\t\t\t\t<div class=\"elementor-column elementor-col-100 elementor-top-column elementor-element elementor-element-75c1451\" data-id=\"75c1451\" data-element_type=\"column\" data-e-type=\"column\">\n\t\t\t<div class=\"elementor-widget-wrap elementor-element-populated\">\n\t\t\t\t\t\t<div class=\"elementor-element elementor-element-7a577c5 elementor-widget elementor-widget-heading\" data-id=\"7a577c5\" data-element_type=\"widget\" data-e-type=\"widget\" data-widget_type=\"heading.default\">\n\t\t\t\t<div class=\"elementor-widget-container\">\n\t\t\t\t\t<h2 class=\"elementor-heading-title elementor-size-default\">\u00bfPor qu\u00e9 una planta j\u00f3ven puede crecer m\u00e1s r\u00e1pido en el monte?<\/h2>\t\t\t\t<\/div>\n\t\t\t\t<\/div>\n\t\t\t\t\t<\/div>\n\t\t<\/div>\n\t\t\t\t\t<\/div>\n\t\t<\/section>\n\t\t\t\t<section class=\"elementor-section elementor-top-section elementor-element elementor-element-058dba6 elementor-section-boxed elementor-section-height-default elementor-section-height-default\" data-id=\"058dba6\" data-element_type=\"section\" data-e-type=\"section\">\n\t\t\t\t\t\t<div class=\"elementor-container elementor-column-gap-default\">\n\t\t\t\t\t<div class=\"elementor-column elementor-col-50 elementor-top-column elementor-element elementor-element-ae97c1d\" data-id=\"ae97c1d\" data-element_type=\"column\" data-e-type=\"column\">\n\t\t\t<div class=\"elementor-widget-wrap elementor-element-populated\">\n\t\t\t\t\t\t<div class=\"elementor-element elementor-element-9c4dee8 elementor-widget elementor-widget-text-editor\" data-id=\"9c4dee8\" data-element_type=\"widget\" data-e-type=\"widget\" data-widget_type=\"text-editor.default\">\n\t\t\t\t<div class=\"elementor-widget-container\">\n\t\t\t\t\t\t\t\t\t<p>Como punto de partida se debe tener en cuenta que a lo largo de la vida de un \u00e1rbol, el patr\u00f3n de crecimiento presenta en reglas generales una curva sigmoidea simple en donde en el eje de las abscisas se cuantifica el tiempo y en el eje de las ordenadas alg\u00fan patr\u00f3n de crecimiento como pueden ser el peso seco total, el volumen de la copa, el di\u00e1metro del tallo principal, \u00e1rea foliar, entre muchos otros par\u00e1metros (Figura 1)<\/p><p>Como se puede observar, la velocidad en que se produce dicho crecimiento se produce en la primer etapa, de manera exponencial, la cual coincide con la etapa juvenil. Desde el punto de vista de la estrategia de una planta, durante las etapas iniciales, \u00e9sta debe competir con otras por su espacio para obetener luz, nutrientes y agua, debe expandir r\u00e1pidamente su copa y ra\u00edces que aseguren la captaci\u00f3n de la luz y la exposici\u00f3n del perfil de suelo.<\/p><p>Desde el punto de la ontogenia de una planta, la semilla es la porci\u00f3n m\u00e1s juvenil y es la que presenta mayor capacidad de crecer respecto de otras plantas de mayor edad. Por lo tanto, <strong>mientras m\u00e1s j\u00f3ven sea la planta que se lleve a su lugar definitivo de plantaci\u00f3n, mayor ser\u00e1 su capacidad de crecimiento potencial.<\/strong><\/p><p>Ahor, \u00bfC\u00f3mo se traslada esto a una plantaci\u00f3n de un monte frutal? En primer lugar, si los plantines son cultivados en suelo, durante la extracci\u00f3n es muy probable que se pierdan una gran cantidad de ra\u00edces, sobre todo los pelos absorventes, que son los encargados de absorci\u00f3n de nutrientes y agua, que ser\u00e1n los responsables de la supervivencia de las plantas en el lugar definitivo de plantaci\u00f3n. Esta poda &#8220;Involuntaria&#8221; de ra\u00edces se agrava a medida que la planta crece y quedan en la fila de vivero, sobre todo en plantas de lento crecimiento a\u00e9reo inicial y poco desarrollo de ra\u00edces secundarias, como el pec\u00e1n o los nogales.<\/p><p>Es por ello que se recomienda utilizar plantas j\u00f3venes y en cepell\u00f3n para minimizar los efectos adversos que implican la extracci\u00f3n de plantas y facilitar la continuaci\u00f3n del crecimiento de las ra\u00edces intactas en el pan de tierra. Igualmente, cabe aclarar que estas plantas j\u00f3venes requieren de un cuidado m\u00e1s esmerado en lo que respecta a la competencia por malezas, riego y una fertilizaci\u00f3n moderada en nitr\u00f3geno durante la plantaci\u00f3n. Estas labores m\u00e1s costosas en un principio, se ver\u00e1n compensados por un costo menor al adquirir una planta m\u00e1s j\u00f3ven, pero que\u00a0 desarrollar\u00e1 todo su potencial de crecimiento en el lugar definitivo, minimizando el estr\u00e9s que implica el transplante a campo en condiciones de riego inicial. Sin embargo en condiciones de sacano, se ha probado lo contrario.<\/p><p>Cabe aclarar que las ra\u00edces de los pecanes pueden morir al cabo de horas o d\u00edas de retraso en el transplante, por lo que en este caso, plantas en cepell\u00f3n no presentar\u00edan este inconveniente.<\/p><p>Haciendo una comparaci\u00f3n basta con pensar cada cuanto cambia de calzado un bebe de 1 a\u00f1o, un ni\u00f1o de 2, 5, 8, 15 o m\u00e1s a\u00f1os. La frecuencia de cambio en el talle del calzado es muy frecuente durante las etapas iniciales de crecimiento, mientras que a medida que nos acercamos a la finalizaci\u00f3n del crecimiento durante el final de la adolescencia, los cambios de talle son cada vez menores hasta estabilizarse. Lo mismo ocurre con las plantas. La tasa de crecimiento es acelerada durante las etapas iniciales y si aprovechamos este impulso de crecimiento en el lugar definitivo de plantaci\u00f3n, tendremos una planta establecida en menor tiempo con todos sus \u00f3rganos radiculares intactos que sufrir\u00e1n un estr\u00e9s m\u00ednimo de transplante y dar\u00e1n una producci\u00f3n m\u00e1s temprana, con una adecuada relaci\u00f3n copa\/ra\u00edz; en contraste con una planta m\u00e1s adulta que presentar\u00e1 ra\u00edces que han crecido en un ambiente restringido al envase o en el peor de los casos, con una poda de ra\u00edces que causar\u00e1n un trauma y un consecuente retraso en el crecimiento inicial de una nueva plantaci\u00f3n.<\/p><p>\u00a0<\/p><p>Redacci\u00f3n Dr. Gustavo E. Gergoff Grozeff<\/p><p>Referencias:<\/p><p>Andersen P.C. and Crocker T.E., 2004. The Pecan Tree. University of Florida. IFAS<\/p><p>Extensi\u00f3n<\/p><p>Gilman et al., 1998. IRRIGATION VOLUME AND FREQUENCY AND TREE SIZE AFFECT ESTABLISHMENT RATE. Journal of Agriculture 24(1):1-9.<\/p><p>Laiche, A.J., G.S. Cobb, and R.B. Reed. 1983. Root and shoot growth of field- and container- grown pecan nursery trees five years after planting. HortScience 18:328-329.<\/p><p>Lauderdale, D.M. 1995. Tree transplant size influences post-transplant performance. Master Thesis, Auburn University<\/p><p>Roper, W.N., 1927. Questions and answers about pecan growing. N.C. Pecan Growers Soc.<\/p><p>Wood, B.W., 1996. Stablishing pecan transplants. Hort Techonology 6(3): 276-279.<\/p>\t\t\t\t\t\t\t\t<\/div>\n\t\t\t\t<\/div>\n\t\t\t\t\t<\/div>\n\t\t<\/div>\n\t\t\t\t<div class=\"elementor-column elementor-col-50 elementor-top-column elementor-element elementor-element-c193e5f\" data-id=\"c193e5f\" data-element_type=\"column\" data-e-type=\"column\">\n\t\t\t<div class=\"elementor-widget-wrap elementor-element-populated\">\n\t\t\t\t\t\t<div class=\"elementor-element elementor-element-9349de1 elementor-widget elementor-widget-image\" data-id=\"9349de1\" data-element_type=\"widget\" data-e-type=\"widget\" data-widget_type=\"image.default\">\n\t\t\t\t<div class=\"elementor-widget-container\">\n\t\t\t\t\t\t\t\t\t\t\t\t\t\t\t<img decoding=\"async\" width=\"800\" height=\"807\" src=\"https:\/\/viverolapecana.com.ar\/wp-content\/uploads\/2023\/07\/curva-crecimiento-1015x1024.png\" class=\"attachment-large size-large wp-image-171\" alt=\"\" srcset=\"https:\/\/viverolapecana.com.ar\/wp-content\/uploads\/2023\/07\/curva-crecimiento-1015x1024.png 1015w, https:\/\/viverolapecana.com.ar\/wp-content\/uploads\/2023\/07\/curva-crecimiento-297x300.png 297w, https:\/\/viverolapecana.com.ar\/wp-content\/uploads\/2023\/07\/curva-crecimiento-150x150.png 150w, https:\/\/viverolapecana.com.ar\/wp-content\/uploads\/2023\/07\/curva-crecimiento-768x775.png 768w, https:\/\/viverolapecana.com.ar\/wp-content\/uploads\/2023\/07\/curva-crecimiento-1522x1536.png 1522w, https:\/\/viverolapecana.com.ar\/wp-content\/uploads\/2023\/07\/curva-crecimiento.png 1738w\" sizes=\"(max-width: 800px) 100vw, 800px\" \/>\t\t\t\t\t\t\t\t\t\t\t\t\t\t\t<\/div>\n\t\t\t\t<\/div>\n\t\t\t\t\t<\/div>\n\t\t<\/div>\n\t\t\t\t\t<\/div>\n\t\t<\/section>\n\t\t\t\t<\/div>\n\t\t","protected":false},"excerpt":{"rendered":"<p>vivero La pecana &#8211; divisi\u00f3n vivero El desarrollo continuo de la Nuez Pec\u00e1n se ha convertido en una excelente oportunidad de negocio a mediano y largo plazo. En la actualidad Argentina cuenta con establecimientos de diversas dimensiones, desde peque\u00f1as fincas a grandes hect\u00e1reas. El poder de adaptaci\u00f3n de las plantas favorecieron la expansi\u00f3n geogr\u00e1fica de [&hellip;]<\/p>\n","protected":false},"author":1,"featured_media":0,"parent":0,"menu_order":0,"comment_status":"closed","ping_status":"closed","template":"elementor_header_footer","meta":{"footnotes":""},"class_list":["post-106","page","type-page","status-publish","hentry"],"_links":{"self":[{"href":"https:\/\/viverolapecana.com.ar\/index.php?rest_route=\/wp\/v2\/pages\/106","targetHints":{"allow":["GET"]}}],"collection":[{"href":"https:\/\/viverolapecana.com.ar\/index.php?rest_route=\/wp\/v2\/pages"}],"about":[{"href":"https:\/\/viverolapecana.com.ar\/index.php?rest_route=\/wp\/v2\/types\/page"}],"author":[{"embeddable":true,"href":"https:\/\/viverolapecana.com.ar\/index.php?rest_route=\/wp\/v2\/users\/1"}],"replies":[{"embeddable":true,"href":"https:\/\/viverolapecana.com.ar\/index.php?rest_route=%2Fwp%2Fv2%2Fcomments&post=106"}],"version-history":[{"count":19,"href":"https:\/\/viverolapecana.com.ar\/index.php?rest_route=\/wp\/v2\/pages\/106\/revisions"}],"predecessor-version":[{"id":174,"href":"https:\/\/viverolapecana.com.ar\/index.php?rest_route=\/wp\/v2\/pages\/106\/revisions\/174"}],"wp:attachment":[{"href":"https:\/\/viverolapecana.com.ar\/index.php?rest_route=%2Fwp%2Fv2%2Fmedia&parent=106"}],"curies":[{"name":"wp","href":"https:\/\/api.w.org\/{rel}","templated":true}]}}